{"id":1736,"date":"2019-08-06T11:50:47","date_gmt":"2019-08-06T09:50:47","guid":{"rendered":"https:\/\/perfact-group.com\/terms-conditions\/"},"modified":"2020-01-16T22:03:17","modified_gmt":"2020-01-16T21:03:17","slug":"terms-conditions","status":"publish","type":"page","link":"https:\/\/perfact-group.com\/de\/terms-conditions\/","title":{"rendered":"Bedingungen und Konditionen"},"content":{"rendered":"<h2>Informationen<\/h2>\n<p>Trotz der st\u00e4ndigen Sorgfalt und Aufmerksamkeit, die wir der Zusammenstellung unserer Website widmen, ist es m\u00f6glich, dass die auf unserer Website ver\u00f6ffentlichten Informationen unvollst\u00e4ndig oder unrichtig sind. Die Informationen auf unserer Website werden regelm\u00e4\u00dfig aktualisiert und eventuelle \u00c4nderungen k\u00f6nnen jederzeit mit sofortiger Wirkung und ohne Vorank\u00fcndigung vorgenommen werden.<\/p>\n<p>Ein Besucher darf ohne die (schriftliche) Genehmigung der Perfact Group keine urheberrechtlich gesch\u00fctzten Werke oder andere auf unseren Websites gespeicherte Informationen ver\u00f6ffentlichen oder vervielf\u00e4ltigen.<\/p>\n<p>Wir k\u00f6nnen nicht garantieren, dass die Informationen auf unserer Website f\u00fcr den Zweck, f\u00fcr den Sie sie konsultieren, geeignet sind. Alle Informationen, Produkte und Dienstleistungen werden in dem Zustand angeboten, in dem sie sich tats\u00e4chlich befinden, und ohne jegliche (implizite) Garantie oder Absicherung in Bezug auf ihre Tauglichkeit und Eignung f\u00fcr einen bestimmten Zweck oder anderweitig.<\/p>\n<p>Wir schlie\u00dfen jede Haftung f\u00fcr direkte oder indirekte Sch\u00e4den, gleich welcher Art, aus oder in Verbindung mit der Nutzung unserer Website oder der vor\u00fcbergehenden Unm\u00f6glichkeit, unsere Website zu konsultieren, aus. Wir haften auch nicht f\u00fcr direkte oder indirekte Sch\u00e4den, die durch die Nutzung der \u00fcber unsere Website erhaltenen Informationen entstehen.<\/p>\n<p>Die Perfact Group beh\u00e4lt sich das Recht vor, diesen Haftungsausschluss jederzeit mit sofortiger Wirkung und ohne vorherige Ank\u00fcndigung zu \u00e4ndern.<\/p>\n","protected":false},"excerpt":{"rendered":"<p>Informationen Trotz der st\u00e4ndigen Sorgfalt und Aufmerksamkeit, die wir der Zusammenstellung unserer Website widmen, ist es m\u00f6glich, dass die auf unserer Website ver\u00f6ffentlichten Informationen unvollst\u00e4ndig oder unrichtig sind. Die Informationen&#8230;<\/p>\n","protected":false},"author":29,"featured_media":852,"parent":0,"menu_order":96,"comment_status":"closed","ping_status":"closed","template":"","meta":{"_acf_changed":false,"footnotes":""},"class_list":["post-1736","page","type-page","status-publish","has-post-thumbnail"],"acf":[],"yoast_head":"<!-- This site is optimized with the Yoast SEO plugin v27.3 - https:\/\/yoast.com\/product\/yoast-seo-wordpress\/ -->\n<title>Bedingungen und Konditionen - Perfact Group<\/title>\n<meta name=\"robots\" content=\"index, follow, max-snippet:-1, max-image-preview:large, max-video-preview:-1\" \/>\n<link rel=\"canonical\" href=\"https:\/\/perfact-group.com\/de\/terms-conditions\/\" \/>\n<meta property=\"og:locale\" content=\"de_DE\" \/>\n<meta property=\"og:type\" content=\"article\" \/>\n<meta property=\"og:title\" content=\"Bedingungen und Konditionen - Perfact Group\" \/>\n<meta property=\"og:description\" content=\"Informationen Trotz der st\u00e4ndigen Sorgfalt und Aufmerksamkeit, die wir der Zusammenstellung unserer Website widmen, ist es m\u00f6glich, dass die auf unserer Website ver\u00f6ffentlichten Informationen unvollst\u00e4ndig oder unrichtig sind. Die Informationen...\" \/>\n<meta property=\"og:url\" content=\"https:\/\/perfact-group.com\/de\/terms-conditions\/\" \/>\n<meta property=\"og:site_name\" content=\"Perfact Group\" \/>\n<meta property=\"article:modified_time\" content=\"2020-01-16T21:03:17+00:00\" \/>\n<meta property=\"og:image\" content=\"https:\/\/perfact-group.com\/wp-content\/uploads\/2019\/11\/perfact-history.jpg\" \/>\n\t<meta property=\"og:image:width\" content=\"1120\" \/>\n\t<meta property=\"og:image:height\" content=\"644\" \/>\n\t<meta property=\"og:image:type\" content=\"image\/jpeg\" \/>\n<meta name=\"twitter:card\" content=\"summary_large_image\" \/>\n<meta name=\"twitter:label1\" content=\"Gesch\u00e4tzte Lesezeit\" \/>\n\t<meta name=\"twitter:data1\" content=\"1\u00a0Minute\" \/>\n<script type=\"application\/ld+json\" class=\"yoast-schema-graph\">{\"@context\":\"https:\\\/\\\/schema.org\",\"@graph\":[{\"@type\":\"WebPage\",\"@id\":\"https:\\\/\\\/perfact-group.com\\\/de\\\/terms-conditions\\\/\",\"url\":\"https:\\\/\\\/perfact-group.com\\\/de\\\/terms-conditions\\\/\",\"name\":\"Bedingungen und Konditionen - Perfact Group\",\"isPartOf\":{\"@id\":\"https:\\\/\\\/perfact-group.com\\\/de\\\/#website\"},\"primaryImageOfPage\":{\"@id\":\"https:\\\/\\\/perfact-group.com\\\/de\\\/terms-conditions\\\/#primaryimage\"},\"image\":{\"@id\":\"https:\\\/\\\/perfact-group.com\\\/de\\\/terms-conditions\\\/#primaryimage\"},\"thumbnailUrl\":\"https:\\\/\\\/perfact-group.com\\\/wp-content\\\/uploads\\\/2019\\\/11\\\/perfact-history.jpg\",\"datePublished\":\"2019-08-06T09:50:47+00:00\",\"dateModified\":\"2020-01-16T21:03:17+00:00\",\"breadcrumb\":{\"@id\":\"https:\\\/\\\/perfact-group.com\\\/de\\\/terms-conditions\\\/#breadcrumb\"},\"inLanguage\":\"de\",\"potentialAction\":[{\"@type\":\"ReadAction\",\"target\":[\"https:\\\/\\\/perfact-group.com\\\/de\\\/terms-conditions\\\/\"]}]},{\"@type\":\"ImageObject\",\"inLanguage\":\"de\",\"@id\":\"https:\\\/\\\/perfact-group.com\\\/de\\\/terms-conditions\\\/#primaryimage\",\"url\":\"https:\\\/\\\/perfact-group.com\\\/wp-content\\\/uploads\\\/2019\\\/11\\\/perfact-history.jpg\",\"contentUrl\":\"https:\\\/\\\/perfact-group.com\\\/wp-content\\\/uploads\\\/2019\\\/11\\\/perfact-history.jpg\",\"width\":1120,\"height\":644},{\"@type\":\"BreadcrumbList\",\"@id\":\"https:\\\/\\\/perfact-group.com\\\/de\\\/terms-conditions\\\/#breadcrumb\",\"itemListElement\":[{\"@type\":\"ListItem\",\"position\":1,\"name\":\"Home\",\"item\":\"https:\\\/\\\/perfact-group.com\\\/de\\\/\"},{\"@type\":\"ListItem\",\"position\":2,\"name\":\"Bedingungen und Konditionen\"}]},{\"@type\":\"WebSite\",\"@id\":\"https:\\\/\\\/perfact-group.com\\\/de\\\/#website\",\"url\":\"https:\\\/\\\/perfact-group.com\\\/de\\\/\",\"name\":\"Perfact Group\",\"description\":\"Make the difference\",\"potentialAction\":[{\"@type\":\"SearchAction\",\"target\":{\"@type\":\"EntryPoint\",\"urlTemplate\":\"https:\\\/\\\/perfact-group.com\\\/de\\\/?s={search_term_string}\"},\"query-input\":{\"@type\":\"PropertyValueSpecification\",\"valueRequired\":true,\"valueName\":\"search_term_string\"}}],\"inLanguage\":\"de\"}]}<\/script>\n<!-- \/ Yoast SEO plugin. -->","yoast_head_json":{"title":"Bedingungen und Konditionen - Perfact Group","robots":{"index":"index","follow":"follow","max-snippet":"max-snippet:-1","max-image-preview":"max-image-preview:large","max-video-preview":"max-video-preview:-1"},"canonical":"https:\/\/perfact-group.com\/de\/terms-conditions\/","og_locale":"de_DE","og_type":"article","og_title":"Bedingungen und Konditionen - Perfact Group","og_description":"Informationen Trotz der st\u00e4ndigen Sorgfalt und Aufmerksamkeit, die wir der Zusammenstellung unserer Website widmen, ist es m\u00f6glich, dass die auf unserer Website ver\u00f6ffentlichten Informationen unvollst\u00e4ndig oder unrichtig sind. Die Informationen...","og_url":"https:\/\/perfact-group.com\/de\/terms-conditions\/","og_site_name":"Perfact Group","article_modified_time":"2020-01-16T21:03:17+00:00","og_image":[{"width":1120,"height":644,"url":"https:\/\/perfact-group.com\/wp-content\/uploads\/2019\/11\/perfact-history.jpg","type":"image\/jpeg"}],"twitter_card":"summary_large_image","twitter_misc":{"Gesch\u00e4tzte Lesezeit":"1\u00a0Minute"},"schema":{"@context":"https:\/\/schema.org","@graph":[{"@type":"WebPage","@id":"https:\/\/perfact-group.com\/de\/terms-conditions\/","url":"https:\/\/perfact-group.com\/de\/terms-conditions\/","name":"Bedingungen und Konditionen - Perfact Group","isPartOf":{"@id":"https:\/\/perfact-group.com\/de\/#website"},"primaryImageOfPage":{"@id":"https:\/\/perfact-group.com\/de\/terms-conditions\/#primaryimage"},"image":{"@id":"https:\/\/perfact-group.com\/de\/terms-conditions\/#primaryimage"},"thumbnailUrl":"https:\/\/perfact-group.com\/wp-content\/uploads\/2019\/11\/perfact-history.jpg","datePublished":"2019-08-06T09:50:47+00:00","dateModified":"2020-01-16T21:03:17+00:00","breadcrumb":{"@id":"https:\/\/perfact-group.com\/de\/terms-conditions\/#breadcrumb"},"inLanguage":"de","potentialAction":[{"@type":"ReadAction","target":["https:\/\/perfact-group.com\/de\/terms-conditions\/"]}]},{"@type":"ImageObject","inLanguage":"de","@id":"https:\/\/perfact-group.com\/de\/terms-conditions\/#primaryimage","url":"https:\/\/perfact-group.com\/wp-content\/uploads\/2019\/11\/perfact-history.jpg","contentUrl":"https:\/\/perfact-group.com\/wp-content\/uploads\/2019\/11\/perfact-history.jpg","width":1120,"height":644},{"@type":"BreadcrumbList","@id":"https:\/\/perfact-group.com\/de\/terms-conditions\/#breadcrumb","itemListElement":[{"@type":"ListItem","position":1,"name":"Home","item":"https:\/\/perfact-group.com\/de\/"},{"@type":"ListItem","position":2,"name":"Bedingungen und Konditionen"}]},{"@type":"WebSite","@id":"https:\/\/perfact-group.com\/de\/#website","url":"https:\/\/perfact-group.com\/de\/","name":"Perfact Group","description":"Make the difference","potentialAction":[{"@type":"SearchAction","target":{"@type":"EntryPoint","urlTemplate":"https:\/\/perfact-group.com\/de\/?s={search_term_string}"},"query-input":{"@type":"PropertyValueSpecification","valueRequired":true,"valueName":"search_term_string"}}],"inLanguage":"de"}]}},"_links":{"self":[{"href":"https:\/\/perfact-group.com\/de\/wp-json\/wp\/v2\/pages\/1736","targetHints":{"allow":["GET"]}}],"collection":[{"href":"https:\/\/perfact-group.com\/de\/wp-json\/wp\/v2\/pages"}],"about":[{"href":"https:\/\/perfact-group.com\/de\/wp-json\/wp\/v2\/types\/page"}],"author":[{"embeddable":true,"href":"https:\/\/perfact-group.com\/de\/wp-json\/wp\/v2\/users\/29"}],"replies":[{"embeddable":true,"href":"https:\/\/perfact-group.com\/de\/wp-json\/wp\/v2\/comments?post=1736"}],"version-history":[{"count":1,"href":"https:\/\/perfact-group.com\/de\/wp-json\/wp\/v2\/pages\/1736\/revisions"}],"predecessor-version":[{"id":1737,"href":"https:\/\/perfact-group.com\/de\/wp-json\/wp\/v2\/pages\/1736\/revisions\/1737"}],"wp:featuredmedia":[{"embeddable":true,"href":"https:\/\/perfact-group.com\/de\/wp-json\/wp\/v2\/media\/852"}],"wp:attachment":[{"href":"https:\/\/perfact-group.com\/de\/wp-json\/wp\/v2\/media?parent=1736"}],"curies":[{"name":"wp","href":"https:\/\/api.w.org\/{rel}","templated":true}]}}